{"id":452,"date":"2023-12-13T18:00:06","date_gmt":"2023-12-13T18:00:06","guid":{"rendered":"https:\/\/studio-oe.de\/?page_id=452"},"modified":"2025-09-15T13:25:18","modified_gmt":"2025-09-15T13:25:18","slug":"impressum","status":"publish","type":"page","link":"https:\/\/studio-oe.de\/en\/impressum\/","title":{"rendered":"Imprint"},"content":{"rendered":"<div data-elementor-type=\"wp-page\" data-elementor-id=\"452\" class=\"elementor elementor-452\" data-elementor-post-type=\"page\">\n\t\t\t\t<div class=\"elementor-element elementor-element-1677d19 e-con-full e-flex e-con e-parent\" data-id=\"1677d19\" data-element_type=\"container\" data-e-type=\"container\" data-settings=\"{&quot;background_background&quot;:&quot;classic&quot;}\">\n\t\t\t\t<div class=\"elementor-element elementor-element-511b56d elementor-widget elementor-widget-spacer\" data-id=\"511b56d\" data-element_type=\"widget\" data-e-type=\"widget\" data-widget_type=\"spacer.default\">\n\t\t\t\t<div class=\"elementor-widget-container\">\n\t\t\t\t\t\t\t<div class=\"elementor-spacer\">\n\t\t\t<div class=\"elementor-spacer-inner\"><\/div>\n\t\t<\/div>\n\t\t\t\t\t\t<\/div>\n\t\t\t\t<\/div>\n\t\t\t\t<div class=\"elementor-element elementor-element-587ba63 elementor-invisible elementor-widget elementor-widget-heading\" data-id=\"587ba63\" data-element_type=\"widget\" data-e-type=\"widget\" data-settings=\"{&quot;_animation&quot;:&quot;fadeIn&quot;}\" data-widget_type=\"heading.default\">\n\t\t\t\t<div class=\"elementor-widget-container\">\n\t\t\t\t\t<h3 class=\"elementor-heading-title elementor-size-default\">Imprint<\/h3>\t\t\t\t<\/div>\n\t\t\t\t<\/div>\n\t\t\t\t<div class=\"elementor-element elementor-element-c20f9f9 elementor-widget-divider--view-line elementor-invisible elementor-widget elementor-widget-divider\" data-id=\"c20f9f9\" data-element_type=\"widget\" data-e-type=\"widget\" data-settings=\"{&quot;_animation&quot;:&quot;fadeInRight&quot;,&quot;_animation_delay&quot;:&quot;200&quot;,&quot;_animation_mobile&quot;:&quot;fadeInRight&quot;}\" data-widget_type=\"divider.default\">\n\t\t\t\t<div class=\"elementor-widget-container\">\n\t\t\t\t\t\t\t<div class=\"elementor-divider\">\n\t\t\t<span class=\"elementor-divider-separator\">\n\t\t\t\t\t\t<\/span>\n\t\t<\/div>\n\t\t\t\t\t\t<\/div>\n\t\t\t\t<\/div>\n\t\t\t\t<\/div>\n\t\t<div class=\"elementor-element elementor-element-0588d87 e-flex e-con-boxed e-con e-parent\" data-id=\"0588d87\" data-element_type=\"container\" data-e-type=\"container\">\n\t\t\t\t\t<div class=\"e-con-inner\">\n\t\t\t\t<div class=\"elementor-element elementor-element-07f067a elementor-widget elementor-widget-spacer\" data-id=\"07f067a\" data-element_type=\"widget\" data-e-type=\"widget\" data-widget_type=\"spacer.default\">\n\t\t\t\t<div class=\"elementor-widget-container\">\n\t\t\t\t\t\t\t<div class=\"elementor-spacer\">\n\t\t\t<div class=\"elementor-spacer-inner\"><\/div>\n\t\t<\/div>\n\t\t\t\t\t\t<\/div>\n\t\t\t\t<\/div>\n\t\t\t\t<div class=\"elementor-element elementor-element-363178f elementor-widget__width-initial elementor-widget elementor-widget-text-editor\" data-id=\"363178f\" data-element_type=\"widget\" data-e-type=\"widget\" data-widget_type=\"text-editor.default\">\n\t\t\t\t<div class=\"elementor-widget-container\">\n\t\t\t\t\t\t\t\t\t<div><div><div><div><div><h5 data-fontsize=\"24\" data-lineheight=\"33.6px\"><strong>Haftung f\u00fcr Inhalte<\/strong><\/h5><\/div><div><p>Die Inhalte dieser Seiten wurden mit gr\u00f6\u00dfter Sorgfalt erstellt. F\u00fcr die Richtigkeit, Vollst\u00e4ndigkeit und Aktualit\u00e4t der Inhalte kann jedoch keine Gew\u00e4hr \u00fcbernommen werden. Als Diensteanbieter ist studio \u00f8<span style=\"color: var( --e-global-color-text ); letter-spacing: 0px; word-spacing: 0em; background-color: var( --e-global-color-3d761f9 );\"> gem\u00e4\u00df \u00a7 7 Abs.1 TMG f\u00fcr eigene Inhalte auf diesen Seiten nach den allgemeinen Gesetzen verantwortlich. Nach \u00a7\u00a7 8 bis 10 TMG ist studio \u00f8 als Diensteanbieter jedoch nicht verpflichtet, \u00fcbermittelte oder gespeicherte fremde Informationen zu \u00fcberwachen oder nach Umst\u00e4nden zu forschen, die auf eine rechtswidrige T\u00e4tigkeit hinweisen. Verpflichtungen zur Entfernung oder Sperrung der Nutzung von Informationen nach den allgemeinen Gesetzen bleiben hiervon unber\u00fchrt. Eine diesbez\u00fcgliche Haftung ist jedoch erst ab dem Zeitpunkt der Kenntnis einer konkreten Rechtsverletzung m\u00f6glich. Bei Bekanntwerden von entsprechenden Rechtsverletzungen werden diese Inhalte umgehend entfernt.<\/span><\/p><\/div><div>\u00a0<\/div><\/div><\/div><\/div><\/div><div><div><div><div><div><h5 data-fontsize=\"24\" data-lineheight=\"33.6px\"><strong>Haftung f\u00fcr Links<\/strong><\/h5><\/div><div><p>Diese Webseite enth\u00e4lt unter Umst\u00e4nden Links zu externen Webseiten Dritter, auf deren Inhalte studio <span lang=\"de\">\u00f8<\/span> keinen Einfluss hat. Deshalb kann studio <span lang=\"de\">\u00f8<\/span> f\u00fcr diese fremden Inhalte auch keine Gew\u00e4hr \u00fcbernehmen. F\u00fcr die Inhalte der verlinkten Seiten ist stets der jeweilige Anbieter oder Betreiber der Seiten verantwortlich. Die verlinkten Seiten wurden zum Zeitpunkt der Verlinkung auf m\u00f6gliche Rechtsverst\u00f6\u00dfe \u00fcberpr\u00fcft. Rechtswidrige Inhalte waren zum Zeitpunkt der Verlinkung nicht erkennbar. Eine permanente inhaltliche Kontrolle der verlinkten Seiten ist jedoch ohne konkrete Anhaltspunkte einer Rechtsverletzung nicht zumutbar. Bei Bekanntwerden von Rechtsverletzungen werden derartige Links umgehend entfernt.<\/p><\/div><div>\u00a0<\/div><\/div><\/div><\/div><\/div><div><div><div><div><div><h5 data-fontsize=\"24\" data-lineheight=\"33.6px\"><strong>Urheberrecht<\/strong><\/h5><\/div><div><p>Die durch die Seitenbetreiber erstellten Inhalte und Werke auf diesen Seiten unterliegen dem deutschen Urheberrecht. Die Vervielf\u00e4ltigung, Bearbeitung, Verbreitung und jede Art der Verwertung au\u00dferhalb der Grenzen des Urheberrechtes bed\u00fcrfen der schriftlichen Zustimmung des jeweiligen Autors bzw. Erstellers. Downloads und Kopien dieser Seite sind nur f\u00fcr den privaten, nicht kommerziellen Gebrauch gestattet. Soweit die Inhalte auf dieser Seite nicht vom Betreiber erstellt wurden, werden die Urheberrechte Dritter beachtet. Sollten Sie trotzdem auf eine Urheberrechtsverletzung aufmerksam werden, bitten wir um einen entsprechenden Hinweis. Bei Bekanntwerden von Rechtsverletzungen werden derartige Inhalte umgehend entfernt.<\/p><p>Bildquellen: studio <span lang=\"de\">\u00f8, Blogartikel: Unsplash<\/span><\/p><\/div><div>\u00a0<\/div><\/div><\/div><\/div><\/div><div><div><div><div><div><h5 data-fontsize=\"24\" data-lineheight=\"33.6px\"><strong>Data Protection<\/strong><\/h5><\/div><div><p>Die Nutzung dieser Webseite ist in der Regel ohne Angabe personenbezogener Daten m\u00f6glich. Soweit auf diesen Seiten personenbezogene Daten (beispielsweise Name, Anschrift oder E-Mail-Adressen) erhoben werden, erfolgt dies, soweit m\u00f6glich, stets auf freiwilliger Basis. Diese Daten werden ohne Ihre ausdr\u00fcckliche Zustimmung nicht an Dritte weitergegeben.<\/p><p>Wir weisen darauf hin, dass die Daten\u00fcbertragung im Internet (z.B. bei der Kommunikation per E-Mail) Sicherheitsl\u00fccken aufweisen kann. Ein l\u00fcckenloser Schutz der Daten vor dem Zugriff durch Dritte ist nicht m\u00f6glich. Eine Vertraulichkeit im Hinblick auf die Datenschutzbestimmungen wird nur unter der vorstehenden Einschr\u00e4nkung gew\u00e4hrleistet. Insbesondere sollen alle Mitteilungen von personenbezogenen Daten \u00fcber das Internet nur erfolgen, soweit nicht Rechte Dritter ber\u00fchrt werden, es sei denn der Dritte hat in Kenntnis der vorstehenden Sicherheitsl\u00fccken ebenfalls seine Zustimmung erkl\u00e4rt. Eine Haftung des Seitenbetreibers wird f\u00fcr die durch solche Sicherheitsl\u00fccken entstehenden Sch\u00e4den oder Unterlassungsanspr\u00fcche ausgeschlossen.<\/p><p>Der Nutzung von allen ver\u00f6ffentlichten Kontaktdaten durch Dritte zur \u00dcbersendung von nicht ausdr\u00fccklich angeforderter Werbung wird widersprochen. undconsorten beh\u00e4lt sich ausdr\u00fccklich rechtliche Schritte im Falle der unverlangten Zusendung von Werbeinformationen, etwa durch Spam-Mails, vor.<\/p><\/div><\/div><\/div><\/div><\/div>\t\t\t\t\t\t\t\t<\/div>\n\t\t\t\t<\/div>\n\t\t\t\t<div class=\"elementor-element elementor-element-9310f04 elementor-widget elementor-widget-spacer\" data-id=\"9310f04\" data-element_type=\"widget\" data-e-type=\"widget\" data-widget_type=\"spacer.default\">\n\t\t\t\t<div class=\"elementor-widget-container\">\n\t\t\t\t\t\t\t<div class=\"elementor-spacer\">\n\t\t\t<div class=\"elementor-spacer-inner\"><\/div>\n\t\t<\/div>\n\t\t\t\t\t\t<\/div>\n\t\t\t\t<\/div>\n\t\t\t\t\t<\/div>\n\t\t\t\t<\/div>\n\t\t<div class=\"elementor-element elementor-element-58ab216 e-flex e-con-boxed e-con e-parent\" data-id=\"58ab216\" data-element_type=\"container\" data-e-type=\"container\" data-settings=\"{&quot;background_background&quot;:&quot;classic&quot;}\">\n\t\t\t\t\t<div class=\"e-con-inner\">\n\t\t\t\t<div class=\"elementor-element elementor-element-a44deb5 elementor-widget__width-initial elementor-widget elementor-widget-text-editor\" data-id=\"a44deb5\" data-element_type=\"widget\" data-e-type=\"widget\" data-widget_type=\"text-editor.default\">\n\t\t\t\t<div class=\"elementor-widget-container\">\n\t\t\t\t\t\t\t\t\t<div class=\"fusion-text fusion-text-11 awb-text-cols fusion-text-columns-2\"><h5><b>studio oe GmbH<\/b><\/h5><p><b>Gesch\u00e4ftsf\u00fchrerin der GmbH<br \/><\/b><span style=\"color: var( --e-global-color-text ); letter-spacing: 0px; text-align: var(--text-align); word-spacing: 0em;\">Juliane H\u00fcppe<\/span><\/p><p>Registergericht und Registernummer der GmbH: Amtsgericht Berlin-Charlottenburg unter HRB 232683 B<\/p><p>USt-Identifikationsnummer gem\u00e4\u00df \u00a727a USt-Gesetz: DE365572132<\/p><p><b>Verantwortlich nach \u00a75 TMG<br \/><\/b>Juliane H\u00fcppe<br \/>E-Mail: <span id=\"cloak4008d7c74f6357fb57ecb4a7b6844750\"><a href=\"mailto:info@studio-oe.de\">info@studio-oe.de<\/a><br \/><\/span><\/p><p class=\"uk-margin-bottom-remove\"><b>Webdesign<br \/><\/b>Kaja Steensen und <a href=\"https:\/\/www.irenechaure.com\/\" target=\"_blank\" rel=\"noopener\">Irene Chaure<\/a><\/p><\/div>\t\t\t\t\t\t\t\t<\/div>\n\t\t\t\t<\/div>\n\t\t\t\t\t<\/div>\n\t\t\t\t<\/div>\n\t\t\t\t<\/div>","protected":false},"excerpt":{"rendered":"<p>Impressum Haftung f\u00fcr Inhalte Die Inhalte dieser Seiten wurden mit gr\u00f6\u00dfter Sorgfalt erstellt. F\u00fcr die Richtigkeit, Vollst\u00e4ndigkeit und Aktualit\u00e4t der Inhalte kann jedoch keine Gew\u00e4hr \u00fcbernommen werden. Als Diensteanbieter ist studio \u00f8 gem\u00e4\u00df \u00a7 7 Abs.1 TMG f\u00fcr eigene Inhalte auf diesen Seiten nach den allgemeinen Gesetzen verantwortlich. Nach \u00a7\u00a7 8 bis 10 TMG ist [&hellip;]<\/p>\n","protected":false},"author":1,"featured_media":0,"parent":0,"menu_order":0,"comment_status":"closed","ping_status":"closed","template":"","meta":{"footnotes":""},"class_list":["post-452","page","type-page","status-publish","hentry"],"yoast_head":"<!-- This site is optimized with the Yoast SEO plugin v27.6 - https:\/\/yoast.com\/product\/yoast-seo-wordpress\/ -->\n<title>Impressum - studio &oslash;<\/title>\n<meta name=\"robots\" content=\"index, follow, max-snippet:-1, max-image-preview:large, max-video-preview:-1\" \/>\n<link rel=\"canonical\" href=\"https:\/\/studio-oe.de\/en\/impressum\/\" \/>\n<meta property=\"og:locale\" content=\"en_US\" \/>\n<meta property=\"og:type\" content=\"article\" \/>\n<meta property=\"og:title\" content=\"Impressum - studio &oslash;\" \/>\n<meta property=\"og:description\" content=\"Impressum Haftung f\u00fcr Inhalte Die Inhalte dieser Seiten wurden mit gr\u00f6\u00dfter Sorgfalt erstellt. F\u00fcr die Richtigkeit, Vollst\u00e4ndigkeit und Aktualit\u00e4t der Inhalte kann jedoch keine Gew\u00e4hr \u00fcbernommen werden. Als Diensteanbieter ist studio \u00f8 gem\u00e4\u00df \u00a7 7 Abs.1 TMG f\u00fcr eigene Inhalte auf diesen Seiten nach den allgemeinen Gesetzen verantwortlich. Nach \u00a7\u00a7 8 bis 10 TMG ist [&hellip;]\" \/>\n<meta property=\"og:url\" content=\"https:\/\/studio-oe.de\/en\/impressum\/\" \/>\n<meta property=\"og:site_name\" content=\"studio &oslash;\" \/>\n<meta property=\"article:modified_time\" content=\"2025-09-15T13:25:18+00:00\" \/>\n<meta property=\"og:image\" content=\"https:\/\/studio-oe.de\/wp-content\/uploads\/2024\/01\/cropped-logo_o-schwarz.png\" \/>\n\t<meta property=\"og:image:width\" content=\"512\" \/>\n\t<meta property=\"og:image:height\" content=\"512\" \/>\n\t<meta property=\"og:image:type\" content=\"image\/png\" \/>\n<meta name=\"twitter:card\" content=\"summary_large_image\" \/>\n<meta name=\"twitter:label1\" content=\"Est. reading time\" \/>\n\t<meta name=\"twitter:data1\" content=\"3 minutes\" \/>\n<script type=\"application\/ld+json\" class=\"yoast-schema-graph\">{\"@context\":\"https:\\\/\\\/schema.org\",\"@graph\":[{\"@type\":\"WebPage\",\"@id\":\"https:\\\/\\\/studio-oe.de\\\/impressum\\\/\",\"url\":\"https:\\\/\\\/studio-oe.de\\\/impressum\\\/\",\"name\":\"Impressum - studio &oslash;\",\"isPartOf\":{\"@id\":\"https:\\\/\\\/studio-oe.de\\\/#website\"},\"datePublished\":\"2023-12-13T18:00:06+00:00\",\"dateModified\":\"2025-09-15T13:25:18+00:00\",\"breadcrumb\":{\"@id\":\"https:\\\/\\\/studio-oe.de\\\/impressum\\\/#breadcrumb\"},\"inLanguage\":\"en-US\",\"potentialAction\":[{\"@type\":\"ReadAction\",\"target\":[\"https:\\\/\\\/studio-oe.de\\\/impressum\\\/\"]}]},{\"@type\":\"BreadcrumbList\",\"@id\":\"https:\\\/\\\/studio-oe.de\\\/impressum\\\/#breadcrumb\",\"itemListElement\":[{\"@type\":\"ListItem\",\"position\":1,\"name\":\"Startseite\",\"item\":\"https:\\\/\\\/studio-oe.de\\\/\"},{\"@type\":\"ListItem\",\"position\":2,\"name\":\"Impressum\"}]},{\"@type\":\"WebSite\",\"@id\":\"https:\\\/\\\/studio-oe.de\\\/#website\",\"url\":\"https:\\\/\\\/studio-oe.de\\\/\",\"name\":\"studio \u00f8\",\"description\":\"Organisationsentwicklung\",\"publisher\":{\"@id\":\"https:\\\/\\\/studio-oe.de\\\/#organization\"},\"potentialAction\":[{\"@type\":\"SearchAction\",\"target\":{\"@type\":\"EntryPoint\",\"urlTemplate\":\"https:\\\/\\\/studio-oe.de\\\/?s={search_term_string}\"},\"query-input\":{\"@type\":\"PropertyValueSpecification\",\"valueRequired\":true,\"valueName\":\"search_term_string\"}}],\"inLanguage\":\"en-US\"},{\"@type\":\"Organization\",\"@id\":\"https:\\\/\\\/studio-oe.de\\\/#organization\",\"name\":\"studio \u00f8\",\"url\":\"https:\\\/\\\/studio-oe.de\\\/\",\"logo\":{\"@type\":\"ImageObject\",\"inLanguage\":\"en-US\",\"@id\":\"https:\\\/\\\/studio-oe.de\\\/#\\\/schema\\\/logo\\\/image\\\/\",\"url\":\"https:\\\/\\\/studio-oe.de\\\/wp-content\\\/uploads\\\/2023\\\/12\\\/studio-oe.jpg\",\"contentUrl\":\"https:\\\/\\\/studio-oe.de\\\/wp-content\\\/uploads\\\/2023\\\/12\\\/studio-oe.jpg\",\"width\":2480,\"height\":886,\"caption\":\"studio \u00f8\"},\"image\":{\"@id\":\"https:\\\/\\\/studio-oe.de\\\/#\\\/schema\\\/logo\\\/image\\\/\"},\"sameAs\":[\"https:\\\/\\\/www.linkedin.com\\\/company\\\/studiooe\"]}]}<\/script>\n<!-- \/ Yoast SEO plugin. -->","yoast_head_json":{"title":"Impressum - studio &oslash;","robots":{"index":"index","follow":"follow","max-snippet":"max-snippet:-1","max-image-preview":"max-image-preview:large","max-video-preview":"max-video-preview:-1"},"canonical":"https:\/\/studio-oe.de\/en\/impressum\/","og_locale":"en_US","og_type":"article","og_title":"Impressum - studio &oslash;","og_description":"Impressum Haftung f\u00fcr Inhalte Die Inhalte dieser Seiten wurden mit gr\u00f6\u00dfter Sorgfalt erstellt. F\u00fcr die Richtigkeit, Vollst\u00e4ndigkeit und Aktualit\u00e4t der Inhalte kann jedoch keine Gew\u00e4hr \u00fcbernommen werden. Als Diensteanbieter ist studio \u00f8 gem\u00e4\u00df \u00a7 7 Abs.1 TMG f\u00fcr eigene Inhalte auf diesen Seiten nach den allgemeinen Gesetzen verantwortlich. Nach \u00a7\u00a7 8 bis 10 TMG ist [&hellip;]","og_url":"https:\/\/studio-oe.de\/en\/impressum\/","og_site_name":"studio &oslash;","article_modified_time":"2025-09-15T13:25:18+00:00","og_image":[{"width":512,"height":512,"url":"https:\/\/studio-oe.de\/wp-content\/uploads\/2024\/01\/cropped-logo_o-schwarz.png","type":"image\/png"}],"twitter_card":"summary_large_image","twitter_misc":{"Est. reading time":"3 minutes"},"schema":{"@context":"https:\/\/schema.org","@graph":[{"@type":"WebPage","@id":"https:\/\/studio-oe.de\/impressum\/","url":"https:\/\/studio-oe.de\/impressum\/","name":"Impressum - studio &oslash;","isPartOf":{"@id":"https:\/\/studio-oe.de\/#website"},"datePublished":"2023-12-13T18:00:06+00:00","dateModified":"2025-09-15T13:25:18+00:00","breadcrumb":{"@id":"https:\/\/studio-oe.de\/impressum\/#breadcrumb"},"inLanguage":"en-US","potentialAction":[{"@type":"ReadAction","target":["https:\/\/studio-oe.de\/impressum\/"]}]},{"@type":"BreadcrumbList","@id":"https:\/\/studio-oe.de\/impressum\/#breadcrumb","itemListElement":[{"@type":"ListItem","position":1,"name":"Startseite","item":"https:\/\/studio-oe.de\/"},{"@type":"ListItem","position":2,"name":"Impressum"}]},{"@type":"WebSite","@id":"https:\/\/studio-oe.de\/#website","url":"https:\/\/studio-oe.de\/","name":"studio \u00f8","description":"Organisationsentwicklung","publisher":{"@id":"https:\/\/studio-oe.de\/#organization"},"potentialAction":[{"@type":"SearchAction","target":{"@type":"EntryPoint","urlTemplate":"https:\/\/studio-oe.de\/?s={search_term_string}"},"query-input":{"@type":"PropertyValueSpecification","valueRequired":true,"valueName":"search_term_string"}}],"inLanguage":"en-US"},{"@type":"Organization","@id":"https:\/\/studio-oe.de\/#organization","name":"studio \u00f8","url":"https:\/\/studio-oe.de\/","logo":{"@type":"ImageObject","inLanguage":"en-US","@id":"https:\/\/studio-oe.de\/#\/schema\/logo\/image\/","url":"https:\/\/studio-oe.de\/wp-content\/uploads\/2023\/12\/studio-oe.jpg","contentUrl":"https:\/\/studio-oe.de\/wp-content\/uploads\/2023\/12\/studio-oe.jpg","width":2480,"height":886,"caption":"studio \u00f8"},"image":{"@id":"https:\/\/studio-oe.de\/#\/schema\/logo\/image\/"},"sameAs":["https:\/\/www.linkedin.com\/company\/studiooe"]}]}},"_links":{"self":[{"href":"https:\/\/studio-oe.de\/en\/wp-json\/wp\/v2\/pages\/452","targetHints":{"allow":["GET"]}}],"collection":[{"href":"https:\/\/studio-oe.de\/en\/wp-json\/wp\/v2\/pages"}],"about":[{"href":"https:\/\/studio-oe.de\/en\/wp-json\/wp\/v2\/types\/page"}],"author":[{"embeddable":true,"href":"https:\/\/studio-oe.de\/en\/wp-json\/wp\/v2\/users\/1"}],"replies":[{"embeddable":true,"href":"https:\/\/studio-oe.de\/en\/wp-json\/wp\/v2\/comments?post=452"}],"version-history":[{"count":194,"href":"https:\/\/studio-oe.de\/en\/wp-json\/wp\/v2\/pages\/452\/revisions"}],"predecessor-version":[{"id":4958,"href":"https:\/\/studio-oe.de\/en\/wp-json\/wp\/v2\/pages\/452\/revisions\/4958"}],"wp:attachment":[{"href":"https:\/\/studio-oe.de\/en\/wp-json\/wp\/v2\/media?parent=452"}],"curies":[{"name":"wp","href":"https:\/\/api.w.org\/{rel}","templated":true}]}}